{"id":89,"date":"2026-02-02T16:37:16","date_gmt":"2026-02-02T21:37:16","guid":{"rendered":"https:\/\/www.apening.net\/?page_id=89"},"modified":"2026-02-05T13:42:13","modified_gmt":"2026-02-05T18:42:13","slug":"dan-moisan","status":"publish","type":"page","link":"https:\/\/www.apening.net\/?page_id=89","title":{"rendered":"Dan Moisan"},"content":{"rendered":"\n<figure class=\"wp-block-image size-full\"><img loading=\"lazy\" decoding=\"async\" width=\"718\" height=\"566\" src=\"https:\/\/www.apening.net\/wp-content\/uploads\/2026\/02\/Capture-decran-le-2026-02-04-a-14.04.32-2.png\" alt=\"\" class=\"wp-image-129\" srcset=\"https:\/\/www.apening.net\/wp-content\/uploads\/2026\/02\/Capture-decran-le-2026-02-04-a-14.04.32-2.png 718w, https:\/\/www.apening.net\/wp-content\/uploads\/2026\/02\/Capture-decran-le-2026-02-04-a-14.04.32-2-300x236.png 300w\" sizes=\"auto, (max-width: 718px) 100vw, 718px\" \/><\/figure>\n\n\n\n<p>Festivals, diffuseurs et artistes de premier plan, offrez-vous un musicien d\u2019exp\u00e9rience pour vos premi\u00e8res parties avec du mat\u00e9riel original qui joue pour vrai \u00e0 la radio (26 extraits depuis 2021). Dan Moisan a fait les premi\u00e8res parties de Saga, The Box, The Korgis, Live, Honeymoon Suite et ABC (en Angleterre). <\/p>\n\n\n\n<p>En <strong>formule trio compacte<\/strong>, profitez d\u2019un artiste qui conna\u00eet bien la sc\u00e8ne, ayant jou\u00e9 devant des centaines de personnes jusqu\u2019\u00e0 plus de 40 000 spectateurs depuis 20 ans. En fran\u00e7ais comme en anglais, format pop, rock, country et jusqu\u2019\u00e0 prog rock, les m\u00e9lodies nombreuses et accrocheuses de Dan Moisan sauront r\u00e9chauffer votre audience. Ses chansons ont \u00e9t\u00e9 et sont toujours diffus\u00e9es sur de grandes antennes, radio, stellite et web, ce qui garantit \u00e0 vos spectateurs une premi\u00e8re partie en terrain connu pour une soir\u00e9e des plus r\u00e9ussies.<br><br>Contactez Louis Robillard au 418-803-3268 \u00a0 \u00a0 info@louisrobillard.com<\/p>\n\n\n\n<figure class=\"wp-block-embed is-type-video is-provider-youtube wp-block-embed-youtube wp-embed-aspect-16-9 wp-has-aspect-ratio\"><div class=\"wp-block-embed__wrapper\">\n<iframe loading=\"lazy\" title=\"DAN MOISAN.  FAKIR.  VID\u00c9O OFFICIELLE\" width=\"640\" height=\"360\" src=\"https:\/\/www.youtube.com\/embed\/ZaC4Eg86xhI?feature=oembed\" frameborder=\"0\" allow=\"accelerometer; autoplay; clipboard-write; encrypted-media; gyroscope; picture-in-picture; web-share\" referrerpolicy=\"strict-origin-when-cross-origin\" allowfullscreen><\/iframe>\n<\/div><\/figure>\n\n\n\n<figure class=\"wp-block-embed is-type-video is-provider-youtube wp-block-embed-youtube wp-embed-aspect-16-9 wp-has-aspect-ratio\"><div class=\"wp-block-embed__wrapper\">\n<iframe loading=\"lazy\" title=\"DAN MOISAN   &quot;J&#039;ATTENDS&quot;  VID\u00c9OCLIP OFFICIEL\" width=\"640\" height=\"360\" src=\"https:\/\/www.youtube.com\/embed\/C1mgjxv6dUU?feature=oembed\" frameborder=\"0\" allow=\"accelerometer; autoplay; clipboard-write; encrypted-media; gyroscope; picture-in-picture; web-share\" referrerpolicy=\"strict-origin-when-cross-origin\" allowfullscreen><\/iframe>\n<\/div><\/figure>\n\n\n\n<figure class=\"wp-block-embed is-type-video is-provider-youtube wp-block-embed-youtube wp-embed-aspect-16-9 wp-has-aspect-ratio\"><div class=\"wp-block-embed__wrapper\">\n<iframe loading=\"lazy\" title=\"DAN MOISAN - TOI RESTE TOI - VID\u00c9O OFFICIELLE\" width=\"640\" height=\"360\" src=\"https:\/\/www.youtube.com\/embed\/fr_MxX8ARnM?feature=oembed\" frameborder=\"0\" allow=\"accelerometer; autoplay; clipboard-write; encrypted-media; gyroscope; picture-in-picture; web-share\" referrerpolicy=\"strict-origin-when-cross-origin\" allowfullscreen><\/iframe>\n<\/div><\/figure>\n\n\n\n<figure class=\"wp-block-embed is-type-video is-provider-youtube wp-block-embed-youtube wp-embed-aspect-16-9 wp-has-aspect-ratio\"><div class=\"wp-block-embed__wrapper\">\n<iframe loading=\"lazy\" title=\"Dan Moisan  -  \u00c0&#039;Confesse  -  Vid\u00e9o Officielle\" width=\"640\" height=\"360\" src=\"https:\/\/www.youtube.com\/embed\/w9xEjvOf_Bw?feature=oembed\" frameborder=\"0\" allow=\"accelerometer; autoplay; clipboard-write; encrypted-media; gyroscope; picture-in-picture; web-share\" referrerpolicy=\"strict-origin-when-cross-origin\" allowfullscreen><\/iframe>\n<\/div><\/figure>\n\n\n\n<figure class=\"wp-block-image size-full is-resized\"><img loading=\"lazy\" decoding=\"async\" width=\"671\" height=\"751\" src=\"https:\/\/www.apening.net\/wp-content\/uploads\/2026\/02\/Capture-decran-le-2026-02-05-a-13.41.51.png\" alt=\"\" class=\"wp-image-154\" style=\"width:821px;height:auto\" srcset=\"https:\/\/www.apening.net\/wp-content\/uploads\/2026\/02\/Capture-decran-le-2026-02-05-a-13.41.51.png 671w, https:\/\/www.apening.net\/wp-content\/uploads\/2026\/02\/Capture-decran-le-2026-02-05-a-13.41.51-268x300.png 268w\" sizes=\"auto, (max-width: 671px) 100vw, 671px\" \/><\/figure>\n","protected":false},"excerpt":{"rendered":"<p class=\"text-justify conetentline\">Festivals, diffuseurs et artistes de premier plan, offrez-vous un musicien d\u2019exp\u00e9rience pour vos premi\u00e8res parties avec du mat\u00e9riel original qui joue pour vrai \u00e0 la radio (26 extraits depuis 2021). Dan Moisan a fait les premi\u00e8res parties de Saga, The Box, The [&hellip;]<\/p>\n","protected":false},"author":1,"featured_media":0,"parent":0,"menu_order":0,"comment_status":"closed","ping_status":"closed","template":"","meta":{"footnotes":""},"class_list":["post-89","page","type-page","status-publish","hentry"],"_links":{"self":[{"href":"https:\/\/www.apening.net\/index.php?rest_route=\/wp\/v2\/pages\/89","targetHints":{"allow":["GET"]}}],"collection":[{"href":"https:\/\/www.apening.net\/index.php?rest_route=\/wp\/v2\/pages"}],"about":[{"href":"https:\/\/www.apening.net\/index.php?rest_route=\/wp\/v2\/types\/page"}],"author":[{"embeddable":true,"href":"https:\/\/www.apening.net\/index.php?rest_route=\/wp\/v2\/users\/1"}],"replies":[{"embeddable":true,"href":"https:\/\/www.apening.net\/index.php?rest_route=%2Fwp%2Fv2%2Fcomments&post=89"}],"version-history":[{"count":7,"href":"https:\/\/www.apening.net\/index.php?rest_route=\/wp\/v2\/pages\/89\/revisions"}],"predecessor-version":[{"id":155,"href":"https:\/\/www.apening.net\/index.php?rest_route=\/wp\/v2\/pages\/89\/revisions\/155"}],"wp:attachment":[{"href":"https:\/\/www.apening.net\/index.php?rest_route=%2Fwp%2Fv2%2Fmedia&parent=89"}],"curies":[{"name":"wp","href":"https:\/\/api.w.org\/{rel}","templated":true}]}}