{"id":45,"date":"2026-02-02T14:12:37","date_gmt":"2026-02-02T19:12:37","guid":{"rendered":"https:\/\/www.apening.net\/?page_id=45"},"modified":"2026-02-06T15:38:07","modified_gmt":"2026-02-06T20:38:07","slug":"nos-artistes","status":"publish","type":"page","link":"https:\/\/www.apening.net\/?page_id=45","title":{"rendered":"Nos Artistes"},"content":{"rendered":"\n<p>Que ce soit des revues musicales th\u00e9matiques, des musiciens d\u2019ambiance, des groupes hommage ou des chansonniers, nous avons un \u00e9ventail d\u2019artistes musicaux pour tous les styles d\u2019\u00e9v\u00e9nements. Communiquez avec nous pour plus de d\u00e9tails.<\/p>\n\n\n\n<h2 class=\"wp-block-heading\"><strong>Artistes originaux<\/strong><\/h2>\n\n\n\n<div class=\"wp-block-group is-layout-grid wp-container-core-group-is-layout-7ff37c84 wp-block-group-is-layout-grid\">\n<figure class=\"wp-block-image size-full wp-container-content-6c9ca111\"><a href=\"https:\/\/www.apening.net\/?page_id=89\" target=\"_blank\" rel=\" noreferrer noopener\"><img loading=\"lazy\" decoding=\"async\" width=\"300\" height=\"300\" src=\"https:\/\/www.apening.net\/wp-content\/uploads\/2026\/02\/DAN_MOISAN-1.jpg\" alt=\"\" class=\"wp-image-116\" srcset=\"https:\/\/www.apening.net\/wp-content\/uploads\/2026\/02\/DAN_MOISAN-1.jpg 300w, https:\/\/www.apening.net\/wp-content\/uploads\/2026\/02\/DAN_MOISAN-1-150x150.jpg 150w\" sizes=\"auto, (max-width: 300px) 100vw, 300px\" \/><\/a><figcaption class=\"wp-element-caption\"><strong>DAN MOISAN<\/strong><\/figcaption><\/figure>\n<\/div>\n\n\n\n<h2 class=\"wp-block-heading\">Groupes hommage<\/h2>\n\n\n\n<div class=\"wp-block-group is-layout-grid wp-container-core-group-is-layout-c8adbf25 wp-block-group-is-layout-grid\">\n<figure class=\"wp-block-image size-full\"><a href=\"https:\/\/www.apening.net\/?page_id=247\" target=\"_blank\" rel=\" noreferrer noopener\"><img loading=\"lazy\" decoding=\"async\" width=\"300\" height=\"300\" src=\"https:\/\/www.apening.net\/wp-content\/uploads\/2026\/02\/Stapleton.jpg\" alt=\"\" class=\"wp-image-233\" srcset=\"https:\/\/www.apening.net\/wp-content\/uploads\/2026\/02\/Stapleton.jpg 300w, https:\/\/www.apening.net\/wp-content\/uploads\/2026\/02\/Stapleton-150x150.jpg 150w\" sizes=\"auto, (max-width: 300px) 100vw, 300px\" \/><\/a><figcaption class=\"wp-element-caption\"><strong>Arkansas, hommage \u00e0 Chris Stapelton<\/strong><\/figcaption><\/figure>\n\n\n\n<figure class=\"wp-block-image size-full\"><a href=\"https:\/\/www.apening.net\/?page_id=225\" target=\"_blank\" rel=\" noreferrer noopener\"><img loading=\"lazy\" decoding=\"async\" width=\"300\" height=\"300\" src=\"https:\/\/www.apening.net\/wp-content\/uploads\/2026\/02\/Iron_Maiden.jpg\" alt=\"\" class=\"wp-image-222\" srcset=\"https:\/\/www.apening.net\/wp-content\/uploads\/2026\/02\/Iron_Maiden.jpg 300w, https:\/\/www.apening.net\/wp-content\/uploads\/2026\/02\/Iron_Maiden-150x150.jpg 150w\" sizes=\"auto, (max-width: 300px) 100vw, 300px\" \/><\/a><figcaption class=\"wp-element-caption\"><strong>Blood Brothers and the Beast, hommage \u00e0 Iron Maiden<\/strong><\/figcaption><\/figure>\n\n\n\n<figure class=\"wp-block-image size-full wp-container-content-52c4b605\"><a href=\"https:\/\/www.apening.net\/?page_id=174\" target=\"_blank\" rel=\" noreferrer noopener\"><img loading=\"lazy\" decoding=\"async\" width=\"300\" height=\"300\" src=\"https:\/\/www.apening.net\/wp-content\/uploads\/2026\/02\/childhood.jpg\" alt=\"\" class=\"wp-image-158\" srcset=\"https:\/\/www.apening.net\/wp-content\/uploads\/2026\/02\/childhood.jpg 300w, https:\/\/www.apening.net\/wp-content\/uploads\/2026\/02\/childhood-150x150.jpg 150w\" sizes=\"auto, (max-width: 300px) 100vw, 300px\" \/><\/a><figcaption class=\"wp-element-caption\"><strong>&nbsp;Childhoods End, hommage \u00e0 Marillion<\/strong><\/figcaption><\/figure>\n\n\n\n<figure class=\"wp-block-image size-full\"><a href=\"https:\/\/www.apening.net\/?page_id=167\" target=\"_blank\" rel=\" noreferrer noopener\"><img loading=\"lazy\" decoding=\"async\" width=\"300\" height=\"300\" src=\"https:\/\/www.apening.net\/wp-content\/uploads\/2026\/02\/Deep-Purple.jpg\" alt=\"\" class=\"wp-image-140\" srcset=\"https:\/\/www.apening.net\/wp-content\/uploads\/2026\/02\/Deep-Purple.jpg 300w, https:\/\/www.apening.net\/wp-content\/uploads\/2026\/02\/Deep-Purple-150x150.jpg 150w\" sizes=\"auto, (max-width: 300px) 100vw, 300px\" \/><\/a><figcaption class=\"wp-element-caption\"><strong>Confusion, hommage \u00e0 Deep Purple<\/strong><\/figcaption><\/figure>\n\n\n\n<figure class=\"wp-block-image size-full\"><a href=\"https:\/\/www.apening.net\/?page_id=179\" target=\"_blank\" rel=\" noreferrer noopener\"><img loading=\"lazy\" decoding=\"async\" width=\"300\" height=\"300\" src=\"https:\/\/www.apening.net\/wp-content\/uploads\/2026\/02\/DREAMER.jpg\" alt=\"\" class=\"wp-image-118\" srcset=\"https:\/\/www.apening.net\/wp-content\/uploads\/2026\/02\/DREAMER.jpg 300w, https:\/\/www.apening.net\/wp-content\/uploads\/2026\/02\/DREAMER-150x150.jpg 150w\" sizes=\"auto, (max-width: 300px) 100vw, 300px\" \/><\/a><figcaption class=\"wp-element-caption\"><strong>Dreamer, Hommage \u00e0 Supertramp<\/strong><\/figcaption><\/figure>\n\n\n\n<figure class=\"wp-block-image size-full wp-container-content-52c4b605\"><a href=\"https:\/\/www.apening.net\/?page_id=184\" target=\"_blank\" rel=\" noreferrer noopener\"><img loading=\"lazy\" decoding=\"async\" width=\"300\" height=\"300\" src=\"https:\/\/www.apening.net\/wp-content\/uploads\/2026\/02\/EVEN_FLOW.jpg\" alt=\"\" class=\"wp-image-119\" srcset=\"https:\/\/www.apening.net\/wp-content\/uploads\/2026\/02\/EVEN_FLOW.jpg 300w, https:\/\/www.apening.net\/wp-content\/uploads\/2026\/02\/EVEN_FLOW-150x150.jpg 150w\" sizes=\"auto, (max-width: 300px) 100vw, 300px\" \/><\/a><figcaption class=\"wp-element-caption\"><strong>Even Flow, hommage \u00e0 Pearl Jam<\/strong><\/figcaption><\/figure>\n\n\n\n<figure class=\"wp-block-image size-full wp-container-content-52c4b605\"><a href=\"https:\/\/www.apening.net\/?page_id=188\" target=\"_blank\" rel=\" noreferrer noopener\"><img loading=\"lazy\" decoding=\"async\" width=\"300\" height=\"300\" src=\"https:\/\/www.apening.net\/wp-content\/uploads\/2026\/02\/Pinkfloyd.jpg\" alt=\"\" class=\"wp-image-164\" srcset=\"https:\/\/www.apening.net\/wp-content\/uploads\/2026\/02\/Pinkfloyd.jpg 300w, https:\/\/www.apening.net\/wp-content\/uploads\/2026\/02\/Pinkfloyd-150x150.jpg 150w\" sizes=\"auto, (max-width: 300px) 100vw, 300px\" \/><\/a><figcaption class=\"wp-element-caption\"><strong>Emotions, hommage \u00e0 Pink Floyd<\/strong><\/figcaption><\/figure>\n\n\n\n<figure class=\"wp-block-image size-full\"><a href=\"https:\/\/www.apening.net\/?page_id=242\" target=\"_blank\" rel=\" noreferrer noopener\"><img loading=\"lazy\" decoding=\"async\" width=\"300\" height=\"300\" src=\"https:\/\/www.apening.net\/wp-content\/uploads\/2026\/02\/rock-fm.jpg\" alt=\"\" class=\"wp-image-231\" srcset=\"https:\/\/www.apening.net\/wp-content\/uploads\/2026\/02\/rock-fm.jpg 300w, https:\/\/www.apening.net\/wp-content\/uploads\/2026\/02\/rock-fm-150x150.jpg 150w\" sizes=\"auto, (max-width: 300px) 100vw, 300px\" \/><\/a><figcaption class=\"wp-element-caption\"><strong>FM Rock Band, revue Classic Rock 70-80<\/strong><\/figcaption><\/figure>\n\n\n\n<figure class=\"wp-block-image size-full wp-container-content-52c4b605\"><a href=\"https:\/\/www.apening.net\/?page_id=191\" target=\"_blank\" rel=\" noreferrer noopener\"><img loading=\"lazy\" decoding=\"async\" width=\"300\" height=\"300\" src=\"https:\/\/www.apening.net\/wp-content\/uploads\/2026\/02\/redhotch.jpg\" alt=\"\" class=\"wp-image-159\" srcset=\"https:\/\/www.apening.net\/wp-content\/uploads\/2026\/02\/redhotch.jpg 300w, https:\/\/www.apening.net\/wp-content\/uploads\/2026\/02\/redhotch-150x150.jpg 150w\" sizes=\"auto, (max-width: 300px) 100vw, 300px\" \/><\/a><figcaption class=\"wp-element-caption\"><strong>Funky Monks, hommage \u00e0 Redhot Chilly Peppers<\/strong><\/figcaption><\/figure>\n\n\n\n<figure class=\"wp-block-image size-full\"><img loading=\"lazy\" decoding=\"async\" width=\"300\" height=\"300\" src=\"https:\/\/www.apening.net\/wp-content\/uploads\/2026\/02\/rod-stewart.jpg\" alt=\"\" class=\"wp-image-232\" srcset=\"https:\/\/www.apening.net\/wp-content\/uploads\/2026\/02\/rod-stewart.jpg 300w, https:\/\/www.apening.net\/wp-content\/uploads\/2026\/02\/rod-stewart-150x150.jpg 150w\" sizes=\"auto, (max-width: 300px) 100vw, 300px\" \/><figcaption class=\"wp-element-caption\"><strong>Infatuation, hommage \u00e0 Rod Stewart<\/strong><\/figcaption><\/figure>\n\n\n\n<figure class=\"wp-block-image size-full wp-container-content-52c4b605\"><a href=\"https:\/\/www.apening.net\/?page_id=195\" target=\"_blank\" rel=\" noreferrer noopener\"><img loading=\"lazy\" decoding=\"async\" width=\"300\" height=\"300\" src=\"https:\/\/www.apening.net\/wp-content\/uploads\/2026\/02\/london-town.jpg\" alt=\"\" class=\"wp-image-141\" srcset=\"https:\/\/www.apening.net\/wp-content\/uploads\/2026\/02\/london-town.jpg 300w, https:\/\/www.apening.net\/wp-content\/uploads\/2026\/02\/london-town-150x150.jpg 150w\" sizes=\"auto, (max-width: 300px) 100vw, 300px\" \/><\/a><figcaption class=\"wp-element-caption\"><strong>London Town, hommage \u00e0 Paul Mc Cartney<\/strong><\/figcaption><\/figure>\n\n\n\n<figure class=\"wp-block-image size-full wp-container-content-52c4b605\"><a href=\"https:\/\/www.apening.net\/?page_id=198\" target=\"_blank\" rel=\" noreferrer noopener\"><img loading=\"lazy\" decoding=\"async\" width=\"300\" height=\"300\" src=\"https:\/\/www.apening.net\/wp-content\/uploads\/2026\/02\/LOS_DESPERADOS.jpg\" alt=\"\" class=\"wp-image-120\" srcset=\"https:\/\/www.apening.net\/wp-content\/uploads\/2026\/02\/LOS_DESPERADOS.jpg 300w, https:\/\/www.apening.net\/wp-content\/uploads\/2026\/02\/LOS_DESPERADOS-150x150.jpg 150w\" sizes=\"auto, (max-width: 300px) 100vw, 300px\" \/><\/a><figcaption class=\"wp-element-caption\"><strong>Los Desperados, hommage \u00e0 The Eagles<\/strong><\/figcaption><\/figure>\n\n\n\n<figure class=\"wp-block-image size-full wp-container-content-52c4b605\"><a href=\"https:\/\/www.apening.net\/?page_id=235\" target=\"_blank\" rel=\" noreferrer noopener\"><img loading=\"lazy\" decoding=\"async\" width=\"300\" height=\"300\" src=\"https:\/\/www.apening.net\/wp-content\/uploads\/2026\/02\/thepolice.jpg\" alt=\"\" class=\"wp-image-228\" srcset=\"https:\/\/www.apening.net\/wp-content\/uploads\/2026\/02\/thepolice.jpg 300w, https:\/\/www.apening.net\/wp-content\/uploads\/2026\/02\/thepolice-150x150.jpg 150w\" sizes=\"auto, (max-width: 300px) 100vw, 300px\" \/><\/a><figcaption class=\"wp-element-caption\"><strong>Omega Men, hommage \u00e0 The&nbsp;Police<\/strong><\/figcaption><\/figure>\n\n\n\n<figure class=\"wp-block-image size-full wp-container-content-52c4b605\"><a href=\"https:\/\/www.apening.net\/?page_id=58\" target=\"_blank\" rel=\" noreferrer noopener\"><img loading=\"lazy\" decoding=\"async\" width=\"690\" height=\"671\" src=\"https:\/\/www.apening.net\/wp-content\/uploads\/2026\/02\/292544540_384515910331583_6325437335516270154_n-1.jpg\" alt=\"\" class=\"wp-image-56\" srcset=\"https:\/\/www.apening.net\/wp-content\/uploads\/2026\/02\/292544540_384515910331583_6325437335516270154_n-1.jpg 690w, https:\/\/www.apening.net\/wp-content\/uploads\/2026\/02\/292544540_384515910331583_6325437335516270154_n-1-300x292.jpg 300w\" sizes=\"auto, (max-width: 690px) 100vw, 690px\" \/><\/a><figcaption class=\"wp-element-caption\"><strong>So-projet Gabriel<\/strong><\/figcaption><\/figure>\n\n\n\n<figure class=\"wp-block-image size-full\"><a href=\"https:\/\/www.apening.net\/?page_id=201\" target=\"_blank\" rel=\" noreferrer noopener\"><img loading=\"lazy\" decoding=\"async\" width=\"300\" height=\"300\" src=\"https:\/\/www.apening.net\/wp-content\/uploads\/2026\/02\/Cohen.jpg\" alt=\"\" class=\"wp-image-161\" srcset=\"https:\/\/www.apening.net\/wp-content\/uploads\/2026\/02\/Cohen.jpg 300w, https:\/\/www.apening.net\/wp-content\/uploads\/2026\/02\/Cohen-150x150.jpg 150w\" sizes=\"auto, (max-width: 300px) 100vw, 300px\" \/><\/a><figcaption class=\"wp-element-caption\"><strong>Songs of Mercy, hommage \u00e0 Leonard Cohen<\/strong><\/figcaption><\/figure>\n\n\n\n<figure class=\"wp-block-image size-full\"><a href=\"https:\/\/www.apening.net\/?page_id=204\" target=\"_blank\" rel=\" noreferrer noopener\"><img loading=\"lazy\" decoding=\"async\" width=\"300\" height=\"300\" src=\"https:\/\/www.apening.net\/wp-content\/uploads\/2026\/02\/stilltheone.jpg\" alt=\"\" class=\"wp-image-144\" srcset=\"https:\/\/www.apening.net\/wp-content\/uploads\/2026\/02\/stilltheone.jpg 300w, https:\/\/www.apening.net\/wp-content\/uploads\/2026\/02\/stilltheone-150x150.jpg 150w\" sizes=\"auto, (max-width: 300px) 100vw, 300px\" \/><\/a><figcaption class=\"wp-element-caption\"><strong>Still the One, hommage \u00e0 Shania Twain<\/strong><\/figcaption><\/figure>\n\n\n\n<figure class=\"wp-block-image size-full wp-container-content-52c4b605\"><a href=\"https:\/\/www.apening.net\/?page_id=207\" target=\"_blank\" rel=\" noreferrer noopener\"><img loading=\"lazy\" decoding=\"async\" width=\"300\" height=\"300\" src=\"https:\/\/www.apening.net\/wp-content\/uploads\/2026\/02\/subdivisions-2.jpg\" alt=\"\" class=\"wp-image-147\" srcset=\"https:\/\/www.apening.net\/wp-content\/uploads\/2026\/02\/subdivisions-2.jpg 300w, https:\/\/www.apening.net\/wp-content\/uploads\/2026\/02\/subdivisions-2-150x150.jpg 150w\" sizes=\"auto, (max-width: 300px) 100vw, 300px\" \/><\/a><figcaption class=\"wp-element-caption\"><strong>Subdivision, hommage \u00e0 Rush<\/strong><\/figcaption><\/figure>\n<\/div>\n\n\n\n<h2 class=\"wp-block-heading\">Revues musicales<\/h2>\n\n\n\n<div class=\"wp-block-group is-layout-grid wp-container-core-group-is-layout-7ff37c84 wp-block-group-is-layout-grid\">\n<figure class=\"wp-block-image size-full\"><a href=\"https:\/\/www.apening.net\/?page_id=210\" target=\"_blank\" rel=\" noreferrer noopener\"><img loading=\"lazy\" decoding=\"async\" width=\"300\" height=\"300\" src=\"http:\/\/www.apening.net\/wp-content\/uploads\/2026\/02\/PROG_STORY.jpg\" alt=\"\" class=\"wp-image-135\" srcset=\"https:\/\/www.apening.net\/wp-content\/uploads\/2026\/02\/PROG_STORY.jpg 300w, https:\/\/www.apening.net\/wp-content\/uploads\/2026\/02\/PROG_STORY-150x150.jpg 150w\" sizes=\"auto, (max-width: 300px) 100vw, 300px\" \/><\/a><figcaption class=\"wp-element-caption\"><strong>Prog Story<\/strong><\/figcaption><\/figure>\n\n\n\n<figure class=\"wp-block-image size-full\"><a href=\"https:\/\/www.apening.net\/?page_id=213\" target=\"_blank\" rel=\" noreferrer noopener\"><img loading=\"lazy\" decoding=\"async\" width=\"300\" height=\"300\" src=\"http:\/\/www.apening.net\/wp-content\/uploads\/2026\/02\/HARD_ROck_GENERATION.jpg\" alt=\"\" class=\"wp-image-136\" srcset=\"https:\/\/www.apening.net\/wp-content\/uploads\/2026\/02\/HARD_ROck_GENERATION.jpg 300w, https:\/\/www.apening.net\/wp-content\/uploads\/2026\/02\/HARD_ROck_GENERATION-150x150.jpg 150w\" sizes=\"auto, (max-width: 300px) 100vw, 300px\" \/><\/a><figcaption class=\"wp-element-caption\"><strong>Hard Rock Generation<\/strong><\/figcaption><\/figure>\n\n\n\n<figure class=\"wp-block-image size-full\"><a href=\"https:\/\/www.apening.net\/?page_id=216\" target=\"_blank\" rel=\" noreferrer noopener\"><img loading=\"lazy\" decoding=\"async\" width=\"300\" height=\"300\" src=\"https:\/\/www.apening.net\/wp-content\/uploads\/2026\/02\/Metal80.jpg\" alt=\"\" class=\"wp-image-157\" srcset=\"https:\/\/www.apening.net\/wp-content\/uploads\/2026\/02\/Metal80.jpg 300w, https:\/\/www.apening.net\/wp-content\/uploads\/2026\/02\/Metal80-150x150.jpg 150w\" sizes=\"auto, (max-width: 300px) 100vw, 300px\" \/><\/a><figcaption class=\"wp-element-caption\"><strong>Revue metal des ann\u00e9es 80 par Headbangers<\/strong><\/figcaption><\/figure>\n\n\n\n<figure class=\"wp-block-image size-full wp-container-content-6c9ca111\"><a href=\"https:\/\/www.apening.net\/?page_id=219\" target=\"_blank\" rel=\" noreferrer noopener\"><img loading=\"lazy\" decoding=\"async\" width=\"300\" height=\"300\" src=\"https:\/\/www.apening.net\/wp-content\/uploads\/2026\/02\/80s.jpg\" alt=\"\" class=\"wp-image-160\" srcset=\"https:\/\/www.apening.net\/wp-content\/uploads\/2026\/02\/80s.jpg 300w, https:\/\/www.apening.net\/wp-content\/uploads\/2026\/02\/80s-150x150.jpg 150w\" sizes=\"auto, (max-width: 300px) 100vw, 300px\" \/><\/a><figcaption class=\"wp-element-caption\"><strong>Revue rock des ann\u00e9es 80<\/strong><\/figcaption><\/figure>\n\n\n\n<figure class=\"wp-block-image size-full\"><a href=\"https:\/\/www.apening.net\/?page_id=238\" target=\"_blank\" rel=\" noreferrer noopener\"><img loading=\"lazy\" decoding=\"async\" width=\"300\" height=\"300\" src=\"https:\/\/www.apening.net\/wp-content\/uploads\/2026\/02\/Echos.jpg\" alt=\"\" class=\"wp-image-229\" srcset=\"https:\/\/www.apening.net\/wp-content\/uploads\/2026\/02\/Echos.jpg 300w, https:\/\/www.apening.net\/wp-content\/uploads\/2026\/02\/Echos-150x150.jpg 150w\" sizes=\"auto, (max-width: 300px) 100vw, 300px\" \/><\/a><figcaption class=\"wp-element-caption\"><strong>Echos and Icons, revue musicale Hendrix, Joplin, Morrison<\/strong><\/figcaption><\/figure>\n<\/div>\n\n\n\n<p><\/p>\n","protected":false},"excerpt":{"rendered":"<p class=\"text-justify conetentline\">Que ce soit des revues musicales th\u00e9matiques, des musiciens d\u2019ambiance, des groupes hommage ou des chansonniers, nous avons un \u00e9ventail d\u2019artistes musicaux pour tous les styles d\u2019\u00e9v\u00e9nements. Communiquez avec nous pour plus de d\u00e9tails. Artistes originaux Groupes hommage Revues musicales<\/p>\n","protected":false},"author":1,"featured_media":0,"parent":0,"menu_order":0,"comment_status":"closed","ping_status":"closed","template":"","meta":{"footnotes":""},"class_list":["post-45","page","type-page","status-publish","hentry"],"_links":{"self":[{"href":"https:\/\/www.apening.net\/index.php?rest_route=\/wp\/v2\/pages\/45","targetHints":{"allow":["GET"]}}],"collection":[{"href":"https:\/\/www.apening.net\/index.php?rest_route=\/wp\/v2\/pages"}],"about":[{"href":"https:\/\/www.apening.net\/index.php?rest_route=\/wp\/v2\/types\/page"}],"author":[{"embeddable":true,"href":"https:\/\/www.apening.net\/index.php?rest_route=\/wp\/v2\/users\/1"}],"replies":[{"embeddable":true,"href":"https:\/\/www.apening.net\/index.php?rest_route=%2Fwp%2Fv2%2Fcomments&post=45"}],"version-history":[{"count":54,"href":"https:\/\/www.apening.net\/index.php?rest_route=\/wp\/v2\/pages\/45\/revisions"}],"predecessor-version":[{"id":251,"href":"https:\/\/www.apening.net\/index.php?rest_route=\/wp\/v2\/pages\/45\/revisions\/251"}],"wp:attachment":[{"href":"https:\/\/www.apening.net\/index.php?rest_route=%2Fwp%2Fv2%2Fmedia&parent=45"}],"curies":[{"name":"wp","href":"https:\/\/api.w.org\/{rel}","templated":true}]}}