{"id":41,"date":"2026-02-02T14:10:51","date_gmt":"2026-02-02T19:10:51","guid":{"rendered":"https:\/\/www.apening.net\/?page_id=41"},"modified":"2026-02-12T13:25:40","modified_gmt":"2026-02-12T18:25:40","slug":"a-propos","status":"publish","type":"page","link":"https:\/\/www.apening.net\/?page_id=41","title":{"rendered":"\u00c0 propos"},"content":{"rendered":"\n<p>Compos\u00e9 de passionn\u00e9s de l&rsquo;industrie du spectacle, des arts et des communications depuis plus de 30 ans, le groupe Apening est une solution int\u00e9gr\u00e9e pour l&rsquo;ensemble des besoins de votre organisation. Nous avons concr\u00e9tis\u00e9 la venue au Qu\u00e9bec de plusieurs artistes de renomm\u00e9e internationale et nous sommes producteurs de contenus, de la sc\u00e8ne jusqu&rsquo;\u00e0 votre libraire, en passant par votre mise en march\u00e9. La cr\u00e9ation est notre mot d&rsquo;ordre.<\/p>\n\n\n\n<p>Pour chacun de nos mandats de spectacles, nous sommes d\u00e9termin\u00e9s \u00e0 tout mettre en \u0153uvre afin que l\u2019artiste et le spectateur vivent un \u00e9v\u00e9nement musical qui rejoint les attentes les plus \u00e9lev\u00e9es.<\/p>\n\n\n\n<p>Pour la diffusion des artistes, que ce soit en musique, en arts visuels ou en litt\u00e9rature, nous sommes des accompagnateurs chevronn\u00e9s dans toutes les \u00e9tapes, de la cr\u00e9ation \u00e0 la promotion.<\/p>\n\n\n\n<p>En marketing, nous fabriquons l&rsquo;image et le message. Votre histoire m\u00e9rite d&rsquo;\u00eatre racont\u00e9e et doit profiter d&rsquo;une strat\u00e9gie efficace.<\/p>\n\n\n\n<p>La vie est un spectacle qu&rsquo;on pr\u00e9sente ou qu&rsquo;on regarde de loin. Avec Apening, la sc\u00e8ne vous appartient !<\/p>\n","protected":false},"excerpt":{"rendered":"<p class=\"text-justify conetentline\">Compos\u00e9 de passionn\u00e9s de l&rsquo;industrie du spectacle, des arts et des communications depuis plus de 30 ans, le groupe Apening est une solution int\u00e9gr\u00e9e pour l&rsquo;ensemble des besoins de votre organisation. Nous avons concr\u00e9tis\u00e9 la venue au Qu\u00e9bec de plusieurs artistes de [&hellip;]<\/p>\n","protected":false},"author":1,"featured_media":0,"parent":0,"menu_order":0,"comment_status":"closed","ping_status":"closed","template":"","meta":{"footnotes":""},"class_list":["post-41","page","type-page","status-publish","hentry"],"_links":{"self":[{"href":"https:\/\/www.apening.net\/index.php?rest_route=\/wp\/v2\/pages\/41","targetHints":{"allow":["GET"]}}],"collection":[{"href":"https:\/\/www.apening.net\/index.php?rest_route=\/wp\/v2\/pages"}],"about":[{"href":"https:\/\/www.apening.net\/index.php?rest_route=\/wp\/v2\/types\/page"}],"author":[{"embeddable":true,"href":"https:\/\/www.apening.net\/index.php?rest_route=\/wp\/v2\/users\/1"}],"replies":[{"embeddable":true,"href":"https:\/\/www.apening.net\/index.php?rest_route=%2Fwp%2Fv2%2Fcomments&post=41"}],"version-history":[{"count":5,"href":"https:\/\/www.apening.net\/index.php?rest_route=\/wp\/v2\/pages\/41\/revisions"}],"predecessor-version":[{"id":255,"href":"https:\/\/www.apening.net\/index.php?rest_route=\/wp\/v2\/pages\/41\/revisions\/255"}],"wp:attachment":[{"href":"https:\/\/www.apening.net\/index.php?rest_route=%2Fwp%2Fv2%2Fmedia&parent=41"}],"curies":[{"name":"wp","href":"https:\/\/api.w.org\/{rel}","templated":true}]}}