{"id":266,"date":"2026-02-18T10:52:48","date_gmt":"2026-02-18T15:52:48","guid":{"rendered":"https:\/\/www.apening.net\/?page_id=266"},"modified":"2026-02-18T11:22:02","modified_gmt":"2026-02-18T16:22:02","slug":"aide-a-la-mise-en-marche-musique-litterature-spectacles","status":"publish","type":"page","link":"https:\/\/www.apening.net\/?page_id=266","title":{"rendered":"Aide \u00e0 la mise en march\u00e9 (musique, litt\u00e9rature, spectacles)"},"content":{"rendered":"\n<p>Cr\u00e9er est une chose, vendre et publiciser le fruit de notre imagination en est une autre. Apening dispose d&rsquo;une vaste expertise dans les domaines de la musique, de la litt\u00e9rature et du spectacle. Des r\u00e9seaux sociaux \u00e0 l&rsquo;image de marque, en passant par la logistique (mise en page, impression, mastering, plateformes de distribution), notre \u00e9quipe saura vous conseiller ad\u00e9quatement, en accord avec vos objectifs et votre budget.<\/p>\n","protected":false},"excerpt":{"rendered":"<p class=\"text-justify conetentline\">Cr\u00e9er est une chose, vendre et publiciser le fruit de notre imagination en est une autre. Apening dispose d&rsquo;une vaste expertise dans les domaines de la musique, de la litt\u00e9rature et du spectacle. Des r\u00e9seaux sociaux \u00e0 l&rsquo;image de marque, en passant [&hellip;]<\/p>\n","protected":false},"author":1,"featured_media":0,"parent":0,"menu_order":0,"comment_status":"closed","ping_status":"closed","template":"","meta":{"footnotes":""},"class_list":["post-266","page","type-page","status-publish","hentry"],"_links":{"self":[{"href":"https:\/\/www.apening.net\/index.php?rest_route=\/wp\/v2\/pages\/266","targetHints":{"allow":["GET"]}}],"collection":[{"href":"https:\/\/www.apening.net\/index.php?rest_route=\/wp\/v2\/pages"}],"about":[{"href":"https:\/\/www.apening.net\/index.php?rest_route=\/wp\/v2\/types\/page"}],"author":[{"embeddable":true,"href":"https:\/\/www.apening.net\/index.php?rest_route=\/wp\/v2\/users\/1"}],"replies":[{"embeddable":true,"href":"https:\/\/www.apening.net\/index.php?rest_route=%2Fwp%2Fv2%2Fcomments&post=266"}],"version-history":[{"count":3,"href":"https:\/\/www.apening.net\/index.php?rest_route=\/wp\/v2\/pages\/266\/revisions"}],"predecessor-version":[{"id":286,"href":"https:\/\/www.apening.net\/index.php?rest_route=\/wp\/v2\/pages\/266\/revisions\/286"}],"wp:attachment":[{"href":"https:\/\/www.apening.net\/index.php?rest_route=%2Fwp%2Fv2%2Fmedia&parent=266"}],"curies":[{"name":"wp","href":"https:\/\/api.w.org\/{rel}","templated":true}]}}