{"id":264,"date":"2026-02-18T10:52:07","date_gmt":"2026-02-18T15:52:07","guid":{"rendered":"https:\/\/www.apening.net\/?page_id=264"},"modified":"2026-02-18T11:26:20","modified_gmt":"2026-02-18T16:26:20","slug":"aide-a-la-production-de-spectacles","status":"publish","type":"page","link":"https:\/\/www.apening.net\/?page_id=264","title":{"rendered":"Aide \u00e0 la production de spectacles"},"content":{"rendered":"\n<p>Disposant de plus de 20 ans d&rsquo;exp\u00e9rience dans la production de spectacles, l&rsquo;\u00e9quipe d&rsquo;Apening peut vous accompagner de la mise en sc\u00e8ne \u00e0 la mise en vente de billets, en passant par la logistique, la sc\u00e9nographie, les projections et la n\u00e9gociation de salle.<\/p>\n\n\n\n<p>Produire le r\u00e9sultat d&rsquo;Ann\u00e9es d&rsquo;efforts sur une sc\u00e8ne m\u00e9rite une attention particuli\u00e8re afin que cet \u00e9v\u00e9nement atteigne le public sous le signe d&rsquo;une soir\u00e9e r\u00e9ussie \u00e0 tous les niveaux.<\/p>\n","protected":false},"excerpt":{"rendered":"<p class=\"text-justify conetentline\">Disposant de plus de 20 ans d&rsquo;exp\u00e9rience dans la production de spectacles, l&rsquo;\u00e9quipe d&rsquo;Apening peut vous accompagner de la mise en sc\u00e8ne \u00e0 la mise en vente de billets, en passant par la logistique, la sc\u00e9nographie, les projections et la n\u00e9gociation de [&hellip;]<\/p>\n","protected":false},"author":1,"featured_media":0,"parent":0,"menu_order":0,"comment_status":"closed","ping_status":"closed","template":"","meta":{"footnotes":""},"class_list":["post-264","page","type-page","status-publish","hentry"],"_links":{"self":[{"href":"https:\/\/www.apening.net\/index.php?rest_route=\/wp\/v2\/pages\/264","targetHints":{"allow":["GET"]}}],"collection":[{"href":"https:\/\/www.apening.net\/index.php?rest_route=\/wp\/v2\/pages"}],"about":[{"href":"https:\/\/www.apening.net\/index.php?rest_route=\/wp\/v2\/types\/page"}],"author":[{"embeddable":true,"href":"https:\/\/www.apening.net\/index.php?rest_route=\/wp\/v2\/users\/1"}],"replies":[{"embeddable":true,"href":"https:\/\/www.apening.net\/index.php?rest_route=%2Fwp%2Fv2%2Fcomments&post=264"}],"version-history":[{"count":3,"href":"https:\/\/www.apening.net\/index.php?rest_route=\/wp\/v2\/pages\/264\/revisions"}],"predecessor-version":[{"id":288,"href":"https:\/\/www.apening.net\/index.php?rest_route=\/wp\/v2\/pages\/264\/revisions\/288"}],"wp:attachment":[{"href":"https:\/\/www.apening.net\/index.php?rest_route=%2Fwp%2Fv2%2Fmedia&parent=264"}],"curies":[{"name":"wp","href":"https:\/\/api.w.org\/{rel}","templated":true}]}}